{"id":875,"date":"2023-04-21T19:51:00","date_gmt":"2023-04-21T19:51:00","guid":{"rendered":"https:\/\/cursosevoluir.com.br\/?page_id=875"},"modified":"2023-04-21T20:21:52","modified_gmt":"2023-04-21T20:21:52","slug":"cursos_ead","status":"publish","type":"page","link":"https:\/\/cursosevoluir.com.br\/index.php\/cursos_ead\/","title":{"rendered":"Cursos EAD"},"content":{"rendered":"\t\t<div data-elementor-type=\"wp-page\" data-elementor-id=\"875\" class=\"elementor elementor-875\">\n\t\t\t\t\t\t\t\t\t<section class=\"elementor-section elementor-top-section elementor-element elementor-element-0792caa elementor-section-boxed elementor-section-height-default elementor-section-height-default\" data-id=\"0792caa\" data-element_type=\"section\" data-settings=\"{&quot;background_background&quot;:&quot;classic&quot;}\">\n\t\t\t\t\t\t<div class=\"elementor-container elementor-column-gap-no\">\n\t\t\t\t\t<div class=\"elementor-column elementor-col-100 elementor-top-column elementor-element elementor-element-22e688d\" data-id=\"22e688d\" data-element_type=\"column\">\n\t\t\t<div class=\"elementor-widget-wrap elementor-element-populated\">\n\t\t\t\t\t\t\t\t<div class=\"elementor-element elementor-element-86674f4 elementor-widget elementor-widget-heading\" data-id=\"86674f4\" data-element_type=\"widget\" data-widget_type=\"heading.default\">\n\t\t\t\t<div class=\"elementor-widget-container\">\n\t\t\t<style>\/*! elementor - v3.12.1 - 02-04-2023 *\/\n.elementor-heading-title{padding:0;margin:0;line-height:1}.elementor-widget-heading .elementor-heading-title[class*=elementor-size-]>a{color:inherit;font-size:inherit;line-height:inherit}.elementor-widget-heading .elementor-heading-title.elementor-size-small{font-size:15px}.elementor-widget-heading .elementor-heading-title.elementor-size-medium{font-size:19px}.elementor-widget-heading .elementor-heading-title.elementor-size-large{font-size:29px}.elementor-widget-heading .elementor-heading-title.elementor-size-xl{font-size:39px}.elementor-widget-heading .elementor-heading-title.elementor-size-xxl{font-size:59px}<\/style><h2 class=\"elementor-heading-title elementor-size-default\">CURSOS EAD<\/h2>\t\t<\/div>\n\t\t\t\t<\/div>\n\t\t\t\t<section class=\"elementor-section elementor-inner-section elementor-element elementor-element-ccc1a0d elementor-section-boxed elementor-section-height-default elementor-section-height-default\" data-id=\"ccc1a0d\" data-element_type=\"section\">\n\t\t\t\t\t\t<div class=\"elementor-container elementor-column-gap-default\">\n\t\t\t\t\t<div class=\"elementor-column elementor-col-33 elementor-inner-column elementor-element elementor-element-b4eda9f\" data-id=\"b4eda9f\" data-element_type=\"column\">\n\t\t\t<div class=\"elementor-widget-wrap elementor-element-populated\">\n\t\t\t\t\t\t\t\t<div class=\"elementor-element elementor-element-9caa93c elementor-widget elementor-widget-image\" data-id=\"9caa93c\" data-element_type=\"widget\" data-widget_type=\"image.default\">\n\t\t\t\t<div class=\"elementor-widget-container\">\n\t\t\t<style>\/*! elementor - v3.12.1 - 02-04-2023 *\/\n.elementor-widget-image{text-align:center}.elementor-widget-image a{display:inline-block}.elementor-widget-image a img[src$=\".svg\"]{width:48px}.elementor-widget-image img{vertical-align:middle;display:inline-block}<\/style>\t\t\t\t\t\t\t\t\t\t\t\t<img decoding=\"async\" width=\"300\" height=\"300\" src=\"https:\/\/cursosevoluir.com.br\/wp-content\/uploads\/2023\/04\/11111-300x300.jpg\" class=\"attachment-medium size-medium wp-image-843\" alt=\"\" loading=\"lazy\" srcset=\"https:\/\/cursosevoluir.com.br\/wp-content\/uploads\/2023\/04\/11111-300x300.jpg 300w, https:\/\/cursosevoluir.com.br\/wp-content\/uploads\/2023\/04\/11111-1024x1024.jpg 1024w, https:\/\/cursosevoluir.com.br\/wp-content\/uploads\/2023\/04\/11111-150x150.jpg 150w, https:\/\/cursosevoluir.com.br\/wp-content\/uploads\/2023\/04\/11111-768x768.jpg 768w, https:\/\/cursosevoluir.com.br\/wp-content\/uploads\/2023\/04\/11111.jpg 1080w\" sizes=\"(max-width: 300px) 100vw, 300px\" \/>\t\t\t\t\t\t\t\t\t\t\t\t\t\t\t<\/div>\n\t\t\t\t<\/div>\n\t\t\t\t<div class=\"elementor-element elementor-element-c2adf5d elementor-button-info elementor-align-center elementor-widget elementor-widget-button\" data-id=\"c2adf5d\" data-element_type=\"widget\" data-widget_type=\"button.default\">\n\t\t\t\t<div class=\"elementor-widget-container\">\n\t\t\t\t\t<div class=\"elementor-button-wrapper\">\n\t\t\t<a href=\"https:\/\/pay.hotmart.com\/G23534829B?off=iwtiju03&#038;checkoutMode=10\" class=\"elementor-button-link elementor-button elementor-size-xs\" role=\"button\">\n\t\t\t\t\t\t<span class=\"elementor-button-content-wrapper\">\n\t\t\t\t\t\t\t<span class=\"elementor-button-icon elementor-align-icon-left\">\n\t\t\t\t<i aria-hidden=\"true\" class=\"far fa-comment\"><\/i>\t\t\t<\/span>\n\t\t\t\t\t\t<span class=\"elementor-button-text\">SAIBA MAIS<\/span>\n\t\t<\/span>\n\t\t\t\t\t<\/a>\n\t\t<\/div>\n\t\t\t\t<\/div>\n\t\t\t\t<\/div>\n\t\t\t\t\t<\/div>\n\t\t<\/div>\n\t\t\t\t<div class=\"elementor-column elementor-col-33 elementor-inner-column elementor-element elementor-element-f337415\" data-id=\"f337415\" data-element_type=\"column\">\n\t\t\t<div class=\"elementor-widget-wrap elementor-element-populated\">\n\t\t\t\t\t\t\t\t<div class=\"elementor-element elementor-element-1640c84 elementor-widget elementor-widget-image\" data-id=\"1640c84\" data-element_type=\"widget\" data-widget_type=\"image.default\">\n\t\t\t\t<div class=\"elementor-widget-container\">\n\t\t\t\t\t\t\t\t\t\t\t\t\t\t\t<img decoding=\"async\" width=\"300\" height=\"300\" src=\"https:\/\/cursosevoluir.com.br\/wp-content\/uploads\/2023\/04\/111111-300x300.png\" class=\"attachment-medium size-medium wp-image-844\" alt=\"\" loading=\"lazy\" srcset=\"https:\/\/cursosevoluir.com.br\/wp-content\/uploads\/2023\/04\/111111-300x300.png 300w, https:\/\/cursosevoluir.com.br\/wp-content\/uploads\/2023\/04\/111111-1024x1024.png 1024w, https:\/\/cursosevoluir.com.br\/wp-content\/uploads\/2023\/04\/111111-150x150.png 150w, https:\/\/cursosevoluir.com.br\/wp-content\/uploads\/2023\/04\/111111-768x768.png 768w, https:\/\/cursosevoluir.com.br\/wp-content\/uploads\/2023\/04\/111111.png 1080w\" sizes=\"(max-width: 300px) 100vw, 300px\" \/>\t\t\t\t\t\t\t\t\t\t\t\t\t\t\t<\/div>\n\t\t\t\t<\/div>\n\t\t\t\t<div class=\"elementor-element elementor-element-e161240 elementor-button-info elementor-align-center elementor-widget elementor-widget-button\" data-id=\"e161240\" data-element_type=\"widget\" data-widget_type=\"button.default\">\n\t\t\t\t<div class=\"elementor-widget-container\">\n\t\t\t\t\t<div class=\"elementor-button-wrapper\">\n\t\t\t<a href=\"https:\/\/go.hotmart.com\/W38940522N?dp=1\" class=\"elementor-button-link elementor-button elementor-size-xs\" role=\"button\">\n\t\t\t\t\t\t<span class=\"elementor-button-content-wrapper\">\n\t\t\t\t\t\t\t<span class=\"elementor-button-icon elementor-align-icon-left\">\n\t\t\t\t<i aria-hidden=\"true\" class=\"far fa-comment\"><\/i>\t\t\t<\/span>\n\t\t\t\t\t\t<span class=\"elementor-button-text\">SAIBA MAIS<\/span>\n\t\t<\/span>\n\t\t\t\t\t<\/a>\n\t\t<\/div>\n\t\t\t\t<\/div>\n\t\t\t\t<\/div>\n\t\t\t\t\t<\/div>\n\t\t<\/div>\n\t\t\t\t<div class=\"elementor-column elementor-col-33 elementor-inner-column elementor-element elementor-element-6878333\" data-id=\"6878333\" data-element_type=\"column\">\n\t\t\t<div class=\"elementor-widget-wrap elementor-element-populated\">\n\t\t\t\t\t\t\t\t<div class=\"elementor-element elementor-element-d6d506b elementor-widget elementor-widget-image\" data-id=\"d6d506b\" data-element_type=\"widget\" data-widget_type=\"image.default\">\n\t\t\t\t<div class=\"elementor-widget-container\">\n\t\t\t\t\t\t\t\t\t\t\t\t\t\t\t<img decoding=\"async\" width=\"300\" height=\"300\" src=\"https:\/\/cursosevoluir.com.br\/wp-content\/uploads\/2023\/04\/1111111-300x300.jpg\" class=\"attachment-medium size-medium wp-image-845\" alt=\"\" loading=\"lazy\" srcset=\"https:\/\/cursosevoluir.com.br\/wp-content\/uploads\/2023\/04\/1111111-300x300.jpg 300w, https:\/\/cursosevoluir.com.br\/wp-content\/uploads\/2023\/04\/1111111-1024x1024.jpg 1024w, https:\/\/cursosevoluir.com.br\/wp-content\/uploads\/2023\/04\/1111111-150x150.jpg 150w, https:\/\/cursosevoluir.com.br\/wp-content\/uploads\/2023\/04\/1111111-768x768.jpg 768w, https:\/\/cursosevoluir.com.br\/wp-content\/uploads\/2023\/04\/1111111.jpg 1080w\" sizes=\"(max-width: 300px) 100vw, 300px\" \/>\t\t\t\t\t\t\t\t\t\t\t\t\t\t\t<\/div>\n\t\t\t\t<\/div>\n\t\t\t\t<div class=\"elementor-element elementor-element-063f437 elementor-button-info elementor-align-center elementor-widget elementor-widget-button\" data-id=\"063f437\" data-element_type=\"widget\" data-widget_type=\"button.default\">\n\t\t\t\t<div class=\"elementor-widget-container\">\n\t\t\t\t\t<div class=\"elementor-button-wrapper\">\n\t\t\t<a href=\"https:\/\/go.hotmart.com\/S45445784W?dp=1\" class=\"elementor-button-link elementor-button elementor-size-xs\" role=\"button\">\n\t\t\t\t\t\t<span class=\"elementor-button-content-wrapper\">\n\t\t\t\t\t\t\t<span class=\"elementor-button-icon elementor-align-icon-left\">\n\t\t\t\t<i aria-hidden=\"true\" class=\"far fa-comment\"><\/i>\t\t\t<\/span>\n\t\t\t\t\t\t<span class=\"elementor-button-text\">SAIBA MAIS<\/span>\n\t\t<\/span>\n\t\t\t\t\t<\/a>\n\t\t<\/div>\n\t\t\t\t<\/div>\n\t\t\t\t<\/div>\n\t\t\t\t\t<\/div>\n\t\t<\/div>\n\t\t\t\t\t\t\t<\/div>\n\t\t<\/section>\n\t\t\t\t\t<\/div>\n\t\t<\/div>\n\t\t\t\t\t\t\t<\/div>\n\t\t<\/section>\n\t\t\t\t<section class=\"elementor-section elementor-top-section elementor-element elementor-element-570a05b elementor-section-boxed elementor-section-height-default elementor-section-height-default\" data-id=\"570a05b\" data-element_type=\"section\">\n\t\t\t\t\t\t\t<div class=\"elementor-background-overlay\"><\/div>\n\t\t\t\t\t\t\t<div class=\"elementor-container elementor-column-gap-default\">\n\t\t\t\t\t<div class=\"elementor-column elementor-col-100 elementor-top-column elementor-element elementor-element-9e1cb53\" data-id=\"9e1cb53\" data-element_type=\"column\">\n\t\t\t<div class=\"elementor-widget-wrap elementor-element-populated\">\n\t\t\t\t\t\t\t\t<div class=\"elementor-element elementor-element-928c6ab elementor-widget elementor-widget-heading\" data-id=\"928c6ab\" data-element_type=\"widget\" data-widget_type=\"heading.default\">\n\t\t\t\t<div class=\"elementor-widget-container\">\n\t\t\t<h5 class=\"elementor-heading-title elementor-size-large\">Por que realizar nosso curso ? <\/h5>\t\t<\/div>\n\t\t\t\t<\/div>\n\t\t\t\t<div class=\"elementor-element elementor-element-512262b elementor-widget elementor-widget-text-editor\" data-id=\"512262b\" data-element_type=\"widget\" data-widget_type=\"text-editor.default\">\n\t\t\t\t<div class=\"elementor-widget-container\">\n\t\t\t<style>\/*! elementor - v3.12.1 - 02-04-2023 *\/\n.elementor-widget-text-editor.elementor-drop-cap-view-stacked .elementor-drop-cap{background-color:#69727d;color:#fff}.elementor-widget-text-editor.elementor-drop-cap-view-framed .elementor-drop-cap{color:#69727d;border:3px solid;background-color:transparent}.elementor-widget-text-editor:not(.elementor-drop-cap-view-default) .elementor-drop-cap{margin-top:8px}.elementor-widget-text-editor:not(.elementor-drop-cap-view-default) .elementor-drop-cap-letter{width:1em;height:1em}.elementor-widget-text-editor .elementor-drop-cap{float:left;text-align:center;line-height:1;font-size:50px}.elementor-widget-text-editor .elementor-drop-cap-letter{display:inline-block}<\/style>\t\t\t\t<ul><li><strong>O certificado deste curso tem sido requisito para contrata\u00e7\u00e3o de cuidadores em escolas Municipais, Estaduais e Particulares. <\/strong><\/li><li><strong>Nosso certificado \u00e9 v\u00e1lido para Educa\u00e7\u00e3o Funcional de servidores Municipais, Estaduais e Federais.<\/strong><\/li><li><strong>Certificado \u00e9 v\u00e1lido em institui\u00e7\u00f5es de ensino superior como atividade complementar.<\/strong><\/li><\/ul>\t\t\t\t\t\t<\/div>\n\t\t\t\t<\/div>\n\t\t\t\t\t<\/div>\n\t\t<\/div>\n\t\t\t\t\t\t\t<\/div>\n\t\t<\/section>\n\t\t\t\t<section class=\"elementor-section elementor-top-section elementor-element elementor-element-ccae3b5 elementor-section-boxed elementor-section-height-default elementor-section-height-default\" data-id=\"ccae3b5\" data-element_type=\"section\">\n\t\t\t\t\t\t<div class=\"elementor-container elementor-column-gap-default\">\n\t\t\t\t\t<div class=\"elementor-column elementor-col-100 elementor-top-column elementor-element elementor-element-1b565cc\" data-id=\"1b565cc\" data-element_type=\"column\">\n\t\t\t<div class=\"elementor-widget-wrap elementor-element-populated\">\n\t\t\t\t\t\t\t\t<div class=\"elementor-element elementor-element-de35b7d elementor-widget elementor-widget-wpforms\" data-id=\"de35b7d\" data-element_type=\"widget\" data-widget_type=\"wpforms.default\">\n\t\t\t\t<div class=\"elementor-widget-container\">\n\t\t\t<div class=\"wpforms-container \" id=\"wpforms-13\"><form id=\"wpforms-form-13\" class=\"wpforms-validate wpforms-form\" data-formid=\"13\" method=\"post\" enctype=\"multipart\/form-data\" action=\"\/index.php\/wp-json\/wp\/v2\/pages\/875\" data-token=\"0127a632ec19a8f241b66de188ea0f0c\"><noscript class=\"wpforms-error-noscript\">Please enable JavaScript in your browser to complete this form.<\/noscript><div class=\"wpforms-field-container\"><div id=\"wpforms-13-field_0-container\" class=\"wpforms-field wpforms-field-name\" data-field-id=\"0\"><label class=\"wpforms-field-label wpforms-label-hide\" for=\"wpforms-13-field_0\">Nome <span class=\"wpforms-required-label\">*<\/span><\/label><div class=\"wpforms-field-row wpforms-field-large\"><div class=\"wpforms-field-row-block wpforms-first wpforms-one-half\"><input type=\"text\" id=\"wpforms-13-field_0\" class=\"wpforms-field-name-first wpforms-field-required\" name=\"wpforms[fields][0][first]\" placeholder=\"Nome\" required><label for=\"wpforms-13-field_0\" class=\"wpforms-field-sublabel after wpforms-sublabel-hide\">First<\/label><\/div><div class=\"wpforms-field-row-block wpforms-one-half\"><input type=\"text\" id=\"wpforms-13-field_0-last\" class=\"wpforms-field-name-last wpforms-field-required\" name=\"wpforms[fields][0][last]\" placeholder=\"Sobrenome\" required><label for=\"wpforms-13-field_0-last\" class=\"wpforms-field-sublabel after wpforms-sublabel-hide\">Last<\/label><\/div><\/div><\/div><div id=\"wpforms-13-field_1-container\" class=\"wpforms-field wpforms-field-email\" data-field-id=\"1\"><label class=\"wpforms-field-label wpforms-label-hide\" for=\"wpforms-13-field_1\">Email <span class=\"wpforms-required-label\">*<\/span><\/label><input type=\"email\" id=\"wpforms-13-field_1\" class=\"wpforms-field-large wpforms-field-required\" name=\"wpforms[fields][1]\" placeholder=\"Email\" spellcheck=\"false\" required><\/div><div id=\"wpforms-13-field_2-container\" class=\"wpforms-field wpforms-field-textarea\" data-field-id=\"2\"><label class=\"wpforms-field-label wpforms-label-hide\" for=\"wpforms-13-field_2\">Mensagem <span class=\"wpforms-required-label\">*<\/span><\/label><textarea id=\"wpforms-13-field_2\" class=\"wpforms-field-medium wpforms-field-required\" name=\"wpforms[fields][2]\" placeholder=\"Sua Mensagem\" required><\/textarea><\/div><\/div><!-- .wpforms-field-container --><div class=\"wpforms-submit-container\" ><input type=\"hidden\" name=\"wpforms[id]\" value=\"13\"><input type=\"hidden\" name=\"wpforms[author]\" value=\"1\"><button type=\"submit\" name=\"wpforms[submit]\" id=\"wpforms-submit-13\" class=\"wpforms-submit\" data-alt-text=\"Enviando....\" data-submit-text=\"ENVIAR\" aria-live=\"assertive\" value=\"wpforms-submit\">ENVIAR<\/button><\/div><\/form><\/div>  <!-- .wpforms-container -->\t\t<\/div>\n\t\t\t\t<\/div>\n\t\t\t\t\t<\/div>\n\t\t<\/div>\n\t\t\t\t\t\t\t<\/div>\n\t\t<\/section>\n\t\t\t\t\t\t\t<\/div>\n\t\t","protected":false},"excerpt":{"rendered":"<p>CURSOS EAD SAIBA MAIS SAIBA MAIS SAIBA MAIS Por que realizar nosso curso ? O certificado deste curso tem sido requisito para contrata\u00e7\u00e3o de cuidadores em escolas Municipais, Estaduais e Particulares. Nosso certificado \u00e9 v\u00e1lido para Educa\u00e7\u00e3o Funcional de servidores Municipais, Estaduais e Federais. Certificado \u00e9 v\u00e1lido em institui\u00e7\u00f5es de ensino superior como atividade complementar.<\/p>\n","protected":false},"author":1,"featured_media":0,"parent":0,"menu_order":0,"comment_status":"closed","ping_status":"closed","template":"","meta":{"site-sidebar-layout":"no-sidebar","site-content-layout":"page-builder","ast-global-header-display":"","ast-main-header-display":"","ast-hfb-above-header-display":"","ast-hfb-below-header-display":"","ast-hfb-mobile-header-display":"","site-post-title":"disabled","ast-breadcrumbs-content":"","ast-featured-img":"disabled","footer-sml-layout":"","theme-transparent-header-meta":"","adv-header-id-meta":"","stick-header-meta":"","header-above-stick-meta":"","header-main-stick-meta":"","header-below-stick-meta":""},"_links":{"self":[{"href":"https:\/\/cursosevoluir.com.br\/index.php\/wp-json\/wp\/v2\/pages\/875"}],"collection":[{"href":"https:\/\/cursosevoluir.com.br\/index.php\/wp-json\/wp\/v2\/pages"}],"about":[{"href":"https:\/\/cursosevoluir.com.br\/index.php\/wp-json\/wp\/v2\/types\/page"}],"author":[{"embeddable":true,"href":"https:\/\/cursosevoluir.com.br\/index.php\/wp-json\/wp\/v2\/users\/1"}],"replies":[{"embeddable":true,"href":"https:\/\/cursosevoluir.com.br\/index.php\/wp-json\/wp\/v2\/comments?post=875"}],"version-history":[{"count":14,"href":"https:\/\/cursosevoluir.com.br\/index.php\/wp-json\/wp\/v2\/pages\/875\/revisions"}],"predecessor-version":[{"id":924,"href":"https:\/\/cursosevoluir.com.br\/index.php\/wp-json\/wp\/v2\/pages\/875\/revisions\/924"}],"wp:attachment":[{"href":"https:\/\/cursosevoluir.com.br\/index.php\/wp-json\/wp\/v2\/media?parent=875"}],"curies":[{"name":"wp","href":"https:\/\/api.w.org\/{rel}","templated":true}]}}